{"id":17684,"date":"2026-05-04T15:09:38","date_gmt":"2026-05-04T13:09:38","guid":{"rendered":"https:\/\/simonschoenhoff.de\/?post_type=product&#038;p=17684"},"modified":"2026-05-14T02:03:49","modified_gmt":"2026-05-14T00:03:49","slug":"lndscp-photography-maenner-premium-t-shirt","status":"publish","type":"product","link":"https:\/\/simonschoenhoff.de\/en\/product\/lndscp-photography-maenner-premium-t-shirt\/","title":{"rendered":"LNDSCP PHOTO\u00adGRAPHY (M\u00e4nner Premium T\u2011Shirt)"},"content":{"rendered":"<p>Die Spread\u00adshirt Kollek\u00adtion steht f\u00fcr best\u00adm\u00f6g\u00adliche Druck\u00adergeb\u00adnisse auf abso\u00adluten Quali\u00adt\u00e4ts\u00adpro\u00addukten. Das au\u00dfer\u00adge\u00adw\u00f6hn\u00adliche Gr\u00f6\u00dfen\u00adspek\u00adtrum garan\u00adtiert perfekten Sitz f\u00fcr Gro\u00df und&nbsp;Klein.<br>\nDar\u00fcber hinaus bietet das Premium T\u2011Shirt unend\u00adliche Kombi\u00adna\u00adti\u00adons\u00adm\u00f6g\u00adlich\u00adkeiten \u2013 egal ob dr\u00fcber oder drunter.<\/p>\n<ul class=\"listMCE\">\n<li>Unsere Empfeh\u00adlung! Top-Qualit\u00e4t und beste Druck\u00adergeb\u00adnisse in allen Druckarten<\/li>\n<li>Einheit\u00adliche Farben in allen M\u00e4nner\u2011, Frauen- und Kindergr\u00f6\u00dfen<\/li>\n<li>Fair und nach\u00adhaltig produziert&nbsp;<\/li>\n<li>Stra\u00adpa\u00adzier\u00adf\u00e4\u00adhige Stoff\u00adqua\u00adlit\u00e4t: 150 g\/m\u00b2<\/li>\n<li>Mate\u00adrial: 100% Baum\u00adwolle (Anthrazit: 50% Baum\u00adwolle, 50% Poly\u00adester; Blau meliert: 50% Baum\u00adwolle, 50% Poly\u00adester; Grau meliert: 85% Baum\u00adwolle, 15% Viskose; Bordeauxrot meliert: 65% Baum\u00adwolle, 35% Polyester)<\/li>\n<\/ul>\n<div class=\"size-table\">\n<div class=\"size-image-wrapper\"><img decoding=\"async\" src=\"https:\/\/image.spreadshirtmedia.net\/image-server\/v1\/productTypes\/812\/variants\/size?width=200&amp;height=200\" width=\"200\" height=\"200\" alt=\"M\u00e4nner Premium T-Shirt\">\n<div class=\"size-hint\">normal<\/div>\n<\/div>\n<div class=\"size-table-wrapper\">\n<table>\n<thead>\n<tr>\n<th><\/th>\n<th class=\"measure-name\">B<\/th>\n<th class=\"measure-name\">C<\/th>\n<th class=\"measure-name\">A<\/th>\n<\/tr>\n<\/thead>\n<tbody>\n<tr class=\"size size-1\">\n<td class=\"size-cell\">XS<\/td>\n<td class=\"measure-cell measure-cell-0\">480 mm<\/td>\n<td class=\"measure-cell measure-cell-1\">200 mm<\/td>\n<td class=\"measure-cell measure-cell-2\">700 mm<\/td>\n<\/tr>\n<tr class=\"size size-2\">\n<td class=\"size-cell\">S<\/td>\n<td class=\"measure-cell measure-cell-0\">710 mm<\/td>\n<td class=\"measure-cell measure-cell-1\">505 mm<\/td>\n<td class=\"measure-cell measure-cell-2\">204 mm<\/td>\n<\/tr>\n<tr class=\"size size-3\">\n<td class=\"size-cell\">M<\/td>\n<td class=\"measure-cell measure-cell-0\">730 mm<\/td>\n<td class=\"measure-cell measure-cell-1\">530 mm<\/td>\n<td class=\"measure-cell measure-cell-2\">210 mm<\/td>\n<\/tr>\n<tr class=\"size size-4\">\n<td class=\"size-cell\">L<\/td>\n<td class=\"measure-cell measure-cell-0\">750 mm<\/td>\n<td class=\"measure-cell measure-cell-1\">555 mm<\/td>\n<td class=\"measure-cell measure-cell-2\">216 mm<\/td>\n<\/tr>\n<tr class=\"size size-5\">\n<td class=\"size-cell\">XL<\/td>\n<td class=\"measure-cell measure-cell-0\">580 mm<\/td>\n<td class=\"measure-cell measure-cell-1\">222 mm<\/td>\n<td class=\"measure-cell measure-cell-2\">770 mm<\/td>\n<\/tr>\n<tr class=\"size size-6\">\n<td class=\"size-cell\">XXL<\/td>\n<td class=\"measure-cell measure-cell-0\">790 mm<\/td>\n<td class=\"measure-cell measure-cell-1\">610 mm<\/td>\n<td class=\"measure-cell measure-cell-2\">230 mm<\/td>\n<\/tr>\n<tr class=\"size size-38\">\n<td class=\"size-cell\">3XL<\/td>\n<td class=\"measure-cell measure-cell-0\">810 mm<\/td>\n<td class=\"measure-cell measure-cell-1\">640 mm<\/td>\n<td class=\"measure-cell measure-cell-2\">238 mm<\/td>\n<\/tr>\n<tr class=\"size size-94\">\n<td class=\"size-cell\">4XL<\/td>\n<td class=\"measure-cell measure-cell-0\">830 mm<\/td>\n<td class=\"measure-cell measure-cell-1\">675 mm<\/td>\n<td class=\"measure-cell measure-cell-2\">248 mm<\/td>\n<\/tr>\n<tr class=\"size size-102\">\n<td class=\"size-cell\">5XL<\/td>\n<td class=\"measure-cell measure-cell-0\">850 mm<\/td>\n<td class=\"measure-cell measure-cell-1\">710 mm<\/td>\n<td class=\"measure-cell measure-cell-2\">258 mm<\/td>\n<\/tr>\n<\/tbody>\n<\/table>\n<\/div>\n<\/div>","protected":false},"excerpt":{"rendered":"<p>Die Spreadshirt Kollektion steht f\u00fcr bestm\u00f6gliche Druckergebnisse auf absoluten Qualit\u00e4tsprodukten. Das au\u00dfergew\u00f6hnliche Gr\u00f6\u00dfenspektrum garantiert perfekten Sitz f\u00fcr Gro\u00df und Klein. Dar\u00fcber hinaus bietet das Premium T-Shirt unendliche Kombinationsm\u00f6glichkeiten \u2013 egal ob dr\u00fcber oder drunter. Unsere Empfehlung! Top-Qualit\u00e4t und beste Druckergebnisse in allen Druckarten Einheitliche Farben in allen M\u00e4nner-, Frauen- und Kindergr\u00f6\u00dfen Fair und nachhaltig produziert [&hellip;]<\/p>\n","protected":false},"featured_media":17682,"comment_status":"open","ping_status":"closed","template":"","meta":{"wp_typography_post_enhancements_disabled":false},"product_brand":[],"product_cat":[71],"product_tag":[],"class_list":{"0":"post-17684","1":"product","2":"type-product","3":"status-publish","4":"has-post-thumbnail","6":"product_cat-virtuell","8":"first","9":"outofstock","10":"taxable","11":"shipping-taxable","12":"purchasable","13":"product-type-variable"},"_links":{"self":[{"href":"https:\/\/simonschoenhoff.de\/en\/wp-json\/wp\/v2\/product\/17684","targetHints":{"allow":["GET"]}}],"collection":[{"href":"https:\/\/simonschoenhoff.de\/en\/wp-json\/wp\/v2\/product"}],"about":[{"href":"https:\/\/simonschoenhoff.de\/en\/wp-json\/wp\/v2\/types\/product"}],"replies":[{"embeddable":true,"href":"https:\/\/simonschoenhoff.de\/en\/wp-json\/wp\/v2\/comments?post=17684"}],"version-history":[{"count":1,"href":"https:\/\/simonschoenhoff.de\/en\/wp-json\/wp\/v2\/product\/17684\/revisions"}],"predecessor-version":[{"id":17900,"href":"https:\/\/simonschoenhoff.de\/en\/wp-json\/wp\/v2\/product\/17684\/revisions\/17900"}],"wp:featuredmedia":[{"embeddable":true,"href":"https:\/\/simonschoenhoff.de\/en\/wp-json\/wp\/v2\/media\/17682"}],"wp:attachment":[{"href":"https:\/\/simonschoenhoff.de\/en\/wp-json\/wp\/v2\/media?parent=17684"}],"wp:term":[{"taxonomy":"product_brand","embeddable":true,"href":"https:\/\/simonschoenhoff.de\/en\/wp-json\/wp\/v2\/product_brand?post=17684"},{"taxonomy":"product_cat","embeddable":true,"href":"https:\/\/simonschoenhoff.de\/en\/wp-json\/wp\/v2\/product_cat?post=17684"},{"taxonomy":"product_tag","embeddable":true,"href":"https:\/\/simonschoenhoff.de\/en\/wp-json\/wp\/v2\/product_tag?post=17684"}],"curies":[{"name":"wp","href":"https:\/\/api.w.org\/{rel}","templated":true}]}}