{"id":16807,"date":"2026-04-20T13:30:07","date_gmt":"2026-04-20T11:30:07","guid":{"rendered":"https:\/\/simonschoenhoff.de\/?post_type=product&#038;p=16807"},"modified":"2026-04-23T04:03:12","modified_gmt":"2026-04-23T02:03:12","slug":"no-rules-emaille-tasse","status":"publish","type":"product","link":"https:\/\/simonschoenhoff.de\/en\/product\/no-rules-emaille-tasse\/","title":{"rendered":"NO RULES (Emaille-Tasse)"},"content":{"rendered":"<p>Kaffee trinken wie in alten Zeiten. Dieser Becher im Retro-Look sorgt f\u00fcr gem\u00fct\u00adliche Akzente auf dem Sonn\u00adtags\u00adfr\u00fch\u00adst\u00fccks\u00adtisch und ist auch robust genug f\u00fcr vollen Einsatz am Camping-Wochen\u00adende. Kleine Uneben\u00adheiten in der Emaille-Beschich\u00adtung runden den Vintage-Look des Bechers ab.&nbsp;<\/p>\n<ul class=\"listMCE\">\n<li> Abge\u00adsetzter Rand aus Edelstahl&nbsp;<\/li>\n<li> Durch\u00admesser ca. 8,5 cm, H\u00f6he ca. 8 cm, Gewicht ca. 129&nbsp;g&nbsp;<\/li>\n<li> Fassungs\u00adver\u00adm\u00f6gen: 300&nbsp;ml&nbsp;<\/li>\n<li> Mate\u00adrial: Metall mit Emaille-Beschichtung&nbsp;<\/li>\n<li> Bitte von Hand sp\u00fclen. Nicht mikrowellengeeignet&nbsp;<\/li>\n<\/ul>\n<div class=\"size-table\">\n<div class=\"size-image-wrapper\"><img decoding=\"async\" src=\"https:\/\/image.spreadshirtmedia.net\/image-server\/v1\/productTypes\/1313\/variants\/size?width=200&amp;height=200\" width=\"200\" height=\"200\" alt=\"Emaille-Tasse\">\n<div class=\"size-hint\">normal<\/div>\n<\/div>\n<div class=\"size-table-wrapper\">\n<table>\n<thead>\n<tr>\n<th><\/th>\n<th class=\"measure-name\">A<\/th>\n<th class=\"measure-name\">B<\/th>\n<\/tr>\n<\/thead>\n<tbody>\n<tr class=\"size size-29\">\n<td class=\"size-cell\">One size<\/td>\n<td class=\"measure-cell measure-cell-0\">80 mm<\/td>\n<td class=\"measure-cell measure-cell-1\">250 mm<\/td>\n<\/tr>\n<\/tbody>\n<\/table>\n<\/div>\n<\/div>","protected":false},"excerpt":{"rendered":"<p>Kaffee trinken wie in alten Zeiten. Dieser Becher im Retro-Look sorgt f\u00fcr gem\u00fctliche Akzente auf dem Sonntagsfr\u00fchst\u00fcckstisch und ist auch robust genug f\u00fcr vollen Einsatz am Camping-Wochenende. Kleine Unebenheiten in der Emaille-Beschichtung runden den Vintage-Look des Bechers ab. Abgesetzter Rand aus Edelstahl Durchmesser ca. 8,5 cm, H\u00f6he ca. 8 cm, Gewicht ca. 129 g Fassungsverm\u00f6gen: [&hellip;]<\/p>\n","protected":false},"featured_media":17149,"comment_status":"open","ping_status":"closed","template":"","meta":{"wp_typography_post_enhancements_disabled":false},"product_brand":[],"product_cat":[352],"product_tag":[],"class_list":{"0":"post-16807","1":"product","2":"type-product","3":"status-publish","4":"has-post-thumbnail","6":"product_cat-merch","8":"first","9":"instock","10":"taxable","11":"shipping-taxable","12":"purchasable","13":"product-type-variable"},"_links":{"self":[{"href":"https:\/\/simonschoenhoff.de\/en\/wp-json\/wp\/v2\/product\/16807","targetHints":{"allow":["GET"]}}],"collection":[{"href":"https:\/\/simonschoenhoff.de\/en\/wp-json\/wp\/v2\/product"}],"about":[{"href":"https:\/\/simonschoenhoff.de\/en\/wp-json\/wp\/v2\/types\/product"}],"replies":[{"embeddable":true,"href":"https:\/\/simonschoenhoff.de\/en\/wp-json\/wp\/v2\/comments?post=16807"}],"version-history":[{"count":1,"href":"https:\/\/simonschoenhoff.de\/en\/wp-json\/wp\/v2\/product\/16807\/revisions"}],"predecessor-version":[{"id":16810,"href":"https:\/\/simonschoenhoff.de\/en\/wp-json\/wp\/v2\/product\/16807\/revisions\/16810"}],"wp:featuredmedia":[{"embeddable":true,"href":"https:\/\/simonschoenhoff.de\/en\/wp-json\/wp\/v2\/media\/17149"}],"wp:attachment":[{"href":"https:\/\/simonschoenhoff.de\/en\/wp-json\/wp\/v2\/media?parent=16807"}],"wp:term":[{"taxonomy":"product_brand","embeddable":true,"href":"https:\/\/simonschoenhoff.de\/en\/wp-json\/wp\/v2\/product_brand?post=16807"},{"taxonomy":"product_cat","embeddable":true,"href":"https:\/\/simonschoenhoff.de\/en\/wp-json\/wp\/v2\/product_cat?post=16807"},{"taxonomy":"product_tag","embeddable":true,"href":"https:\/\/simonschoenhoff.de\/en\/wp-json\/wp\/v2\/product_tag?post=16807"}],"curies":[{"name":"wp","href":"https:\/\/api.w.org\/{rel}","templated":true}]}}