{"id":16698,"date":"2026-04-20T13:14:31","date_gmt":"2026-04-20T11:14:31","guid":{"rendered":"https:\/\/simonschoenhoff.de\/?post_type=product&#038;p=16698"},"modified":"2026-04-23T04:03:07","modified_gmt":"2026-04-23T02:03:07","slug":"lndscp-photography-heavyweight-unisex-boxy-t-shirt-2","status":"publish","type":"product","link":"https:\/\/simonschoenhoff.de\/en\/product\/lndscp-photography-heavyweight-unisex-boxy-t-shirt-2\/","title":{"rendered":"LNDSCP PHOTO\u00adGRAPHY (Heavy\u00adweight Unisex Boxy T\u2011Shirt)"},"content":{"rendered":"<ul class=\"listMCE\">\n<li>Boxy Fit mit \u00fcber\u00adschnit\u00adtenen Schul\u00adtern f\u00fcr einen modernen, trend\u00adbe\u00adwussten Look<\/li>\n<li>Stra\u00adpa\u00adzier\u00adf\u00e4\u00adhiger Struk\u00adtur\u00adstoff mit weichem, luxu\u00adri\u00f6sem Handgef\u00fchl<\/li>\n<li>1\u00d71\u2011Rippkragen f\u00fcr opti\u00admalen Sitz und Formstabilit\u00e4t<\/li>\n<li>Blind\u00adstich an \u00c4rmeln und unterem Saum f\u00fcr lang\u00adle\u00adbige Verarbeitung<\/li>\n<li>Nacken\u00adband aus Ober\u00adstoff f\u00fcr zus\u00e4tz\u00adli\u00adchen Komfort<\/li>\n<li>Schwere Stoff\u00adqua\u00adlit\u00e4t: 280 g\/m\u00b2<\/li>\n<li>Mate\u00adrial: 100% Bio-Baumwolle<\/li>\n<li>Brand: Stanley\/Stella<\/li>\n<\/ul>\n<div class=\"size-table\">\n<div class=\"size-image-wrapper\"><img decoding=\"async\" src=\"https:\/\/image.spreadshirtmedia.net\/image-server\/v1\/productTypes\/4231\/variants\/size?width=200&amp;height=200\" width=\"200\" height=\"200\" alt=\"Heavyweight Unisex Boxy T-Shirt von stanley\/stella\t\">\n<div class=\"size-hint\">normal<\/div>\n<\/div>\n<div class=\"size-table-wrapper\">\n<table>\n<thead>\n<tr>\n<th><\/th>\n<th class=\"measure-name\">B<\/th>\n<th class=\"measure-name\">C<\/th>\n<th class=\"measure-name\">A<\/th>\n<\/tr>\n<\/thead>\n<tbody>\n<tr class=\"size size-1\">\n<td class=\"size-cell\">XS<\/td>\n<td class=\"measure-cell measure-cell-0\">550 mm<\/td>\n<td class=\"measure-cell measure-cell-1\">210 mm<\/td>\n<td class=\"measure-cell measure-cell-2\">635 mm<\/td>\n<\/tr>\n<tr class=\"size size-2\">\n<td class=\"size-cell\">S<\/td>\n<td class=\"measure-cell measure-cell-0\">675 mm<\/td>\n<td class=\"measure-cell measure-cell-1\">570 mm<\/td>\n<td class=\"measure-cell measure-cell-2\">225 mm<\/td>\n<\/tr>\n<tr class=\"size size-3\">\n<td class=\"size-cell\">M<\/td>\n<td class=\"measure-cell measure-cell-0\">715 mm<\/td>\n<td class=\"measure-cell measure-cell-1\">610 mm<\/td>\n<td class=\"measure-cell measure-cell-2\">240 mm<\/td>\n<\/tr>\n<tr class=\"size size-4\">\n<td class=\"size-cell\">L<\/td>\n<td class=\"measure-cell measure-cell-0\">640 mm<\/td>\n<td class=\"measure-cell measure-cell-1\">245 mm<\/td>\n<td class=\"measure-cell measure-cell-2\">735 mm<\/td>\n<\/tr>\n<tr class=\"size size-5\">\n<td class=\"size-cell\">XL<\/td>\n<td class=\"measure-cell measure-cell-0\">755 mm<\/td>\n<td class=\"measure-cell measure-cell-1\">670 mm<\/td>\n<td class=\"measure-cell measure-cell-2\">250 mm<\/td>\n<\/tr>\n<tr class=\"size size-6\">\n<td class=\"size-cell\">XXL<\/td>\n<td class=\"measure-cell measure-cell-0\">775 mm<\/td>\n<td class=\"measure-cell measure-cell-1\">710 mm<\/td>\n<td class=\"measure-cell measure-cell-2\">255 mm<\/td>\n<\/tr>\n<tr class=\"size size-38\">\n<td class=\"size-cell\">3XL<\/td>\n<td class=\"measure-cell measure-cell-0\">795 mm<\/td>\n<td class=\"measure-cell measure-cell-1\">750 mm<\/td>\n<td class=\"measure-cell measure-cell-2\">260 mm<\/td>\n<\/tr>\n<\/tbody>\n<\/table>\n<\/div>\n<\/div>","protected":false},"excerpt":{"rendered":"<p>Boxy Fit mit \u00fcberschnittenen Schultern f\u00fcr einen modernen, trendbewussten Look Strapazierf\u00e4higer Strukturstoff mit weichem, luxuri\u00f6sem Handgef\u00fchl 1&#215;1-Rippkragen f\u00fcr optimalen Sitz und Formstabilit\u00e4t Blindstich an \u00c4rmeln und unterem Saum f\u00fcr langlebige Verarbeitung Nackenband aus Oberstoff f\u00fcr zus\u00e4tzlichen Komfort Schwere Stoffqualit\u00e4t: 280 g\/m\u00b2 Material: 100% Bio-Baumwolle Brand: Stanley\/Stella normal B C A XS 550 mm 210 mm [&hellip;]<\/p>\n","protected":false},"featured_media":17291,"comment_status":"open","ping_status":"closed","template":"","meta":{"wp_typography_post_enhancements_disabled":false},"product_brand":[],"product_cat":[352],"product_tag":[],"class_list":{"0":"post-16698","1":"product","2":"type-product","3":"status-publish","4":"has-post-thumbnail","6":"product_cat-merch","8":"first","9":"instock","10":"taxable","11":"shipping-taxable","12":"purchasable","13":"product-type-variable"},"_links":{"self":[{"href":"https:\/\/simonschoenhoff.de\/en\/wp-json\/wp\/v2\/product\/16698","targetHints":{"allow":["GET"]}}],"collection":[{"href":"https:\/\/simonschoenhoff.de\/en\/wp-json\/wp\/v2\/product"}],"about":[{"href":"https:\/\/simonschoenhoff.de\/en\/wp-json\/wp\/v2\/types\/product"}],"replies":[{"embeddable":true,"href":"https:\/\/simonschoenhoff.de\/en\/wp-json\/wp\/v2\/comments?post=16698"}],"version-history":[{"count":2,"href":"https:\/\/simonschoenhoff.de\/en\/wp-json\/wp\/v2\/product\/16698\/revisions"}],"predecessor-version":[{"id":16859,"href":"https:\/\/simonschoenhoff.de\/en\/wp-json\/wp\/v2\/product\/16698\/revisions\/16859"}],"wp:featuredmedia":[{"embeddable":true,"href":"https:\/\/simonschoenhoff.de\/en\/wp-json\/wp\/v2\/media\/17291"}],"wp:attachment":[{"href":"https:\/\/simonschoenhoff.de\/en\/wp-json\/wp\/v2\/media?parent=16698"}],"wp:term":[{"taxonomy":"product_brand","embeddable":true,"href":"https:\/\/simonschoenhoff.de\/en\/wp-json\/wp\/v2\/product_brand?post=16698"},{"taxonomy":"product_cat","embeddable":true,"href":"https:\/\/simonschoenhoff.de\/en\/wp-json\/wp\/v2\/product_cat?post=16698"},{"taxonomy":"product_tag","embeddable":true,"href":"https:\/\/simonschoenhoff.de\/en\/wp-json\/wp\/v2\/product_tag?post=16698"}],"curies":[{"name":"wp","href":"https:\/\/api.w.org\/{rel}","templated":true}]}}