{"id":14650,"date":"2025-05-19T09:18:50","date_gmt":"2025-05-19T09:18:50","guid":{"rendered":"https:\/\/simonschoenhoff.de\/?page_id=14650"},"modified":"2026-03-10T21:04:31","modified_gmt":"2026-03-10T21:04:31","slug":"impressum","status":"publish","type":"page","link":"https:\/\/simonschoenhoff.de\/en\/impressum\/","title":{"rendered":"Impressum"},"content":{"rendered":"<div data-elementor-type=\"wp-page\" data-elementor-id=\"14650\" class=\"elementor elementor-14650\" data-elementor-post-type=\"page\">\n\t\t\t\t\t\t<section class=\"elementor-section elementor-top-section elementor-element elementor-element-9466361 elementor-section-height-min-height elementor-section-items-bottom elementor-section-boxed elementor-section-height-default\" data-id=\"9466361\" data-element_type=\"section\" data-e-type=\"section\" data-settings=\"{&quot;background_background&quot;:&quot;classic&quot;}\">\n\t\t\t\t\t\t\t<div class=\"elementor-background-overlay\"><\/div>\n\t\t\t\t\t\t\t<div class=\"elementor-container elementor-column-gap-default\">\n\t\t\t\t\t<div class=\"elementor-column elementor-col-100 elementor-top-column elementor-element elementor-element-f81a840\" data-id=\"f81a840\" data-element_type=\"column\" data-e-type=\"column\">\n\t\t\t<div class=\"elementor-widget-wrap elementor-element-populated\">\n\t\t\t\t\t\t\t<\/div>\n\t\t<\/div>\n\t\t\t\t\t<\/div>\n\t\t<\/section>\n\t\t<div class=\"elementor-element elementor-element-0dd9994 e-flex e-con-boxed e-con e-parent\" data-id=\"0dd9994\" data-element_type=\"container\" data-e-type=\"container\">\n\t\t\t\t\t<div class=\"e-con-inner\">\n\t\t\t\t<div class=\"elementor-element elementor-element-f1268d7 elementor-widget elementor-widget-text-editor\" data-id=\"f1268d7\" data-element_type=\"widget\" data-e-type=\"widget\" data-widget_type=\"text-editor.default\">\n\t\t\t\t<div class=\"elementor-widget-container\">\n\t\t\t\t\t\t\t\t\t<p>Angaben gem\u00e4\u00df \u00a7 5&nbsp;DDG<\/p><p>Simon Sch\u00f6n\u00adhoff Photo\u00adgraphy<br>Alte Berg 24<br>69254 Malsch<\/p><p><strong>Vertreten durch:<\/strong><br>Simon Sch\u00f6n\u00adhoff<\/p><p><strong>Kontakt:<\/strong><br>Telefon: +49 (152) 55 912 813<br>E\u2011Mail:&nbsp;<a href=\"mailto:simon@simonschoenhoff.de\">simon@simonschoenhoff.de<\/a><\/p><p><strong>Umsatz\u00adsteuer-ID:<\/strong><br>Umsatz\u00adsteuer-Iden\u00adti\u00adfi\u00adka\u00adti\u00adons\u00adnummer gem\u00e4\u00df \u00a727a Umsatz\u00adsteu\u00ader\u00adge\u00adsetz: Ist beantragt.<\/p><p><strong>Wirt\u00adschafts-ID:<\/strong><br>DE406779528<\/p><p><strong>Aufsichts\u00adbe\u00adh\u00f6rde:<\/strong><br>Heidel\u00adberg<\/p><p><strong>Verant\u00adwort\u00adlich f\u00fcr den Inhalt nach \u00a7 18 Abs. 2 MStV:<\/strong><br>Simon Sch\u00f6n\u00adhoff<\/p><p><span style=\"font-size: 14pt;\"><strong>Haftungs\u00adaus\u00adschluss:<\/strong><\/span><\/p><p><strong>Haftung f\u00fcr Inhalte<\/strong><\/p><p>Die Inhalte unserer Seiten wurden mit gr\u00f6\u00dfter Sorg\u00adfalt erstellt. F\u00fcr die Rich\u00adtig\u00adkeit, Voll\u00adst\u00e4n\u00addig\u00adkeit und Aktua\u00adlit\u00e4t der Inhalte k\u00f6nnen wir jedoch keine Gew\u00e4hr \u00fcber\u00adnehmen. Als Diens\u00adte\u00adan\u00adbieter sind wir gem\u00e4\u00df \u00a7 7 Abs.1 DDG f\u00fcr eigene Inhalte auf diesen Seiten nach den allge\u00admeinen Gesetzen verant\u00adwort\u00adlich. Nach \u00a7\u00a7 8 bis 10 DDG sind wir als Diens\u00adte\u00adan\u00adbieter jedoch nicht verpflichtet, \u00fcber\u00admit\u00adtelte oder gespei\u00adcherte fremde Infor\u00adma\u00adtionen zu \u00fcber\u00adwa\u00adchen oder nach Umst\u00e4nden zu forschen, die auf eine rechts\u00adwid\u00adrige T\u00e4tig\u00adkeit hinweisen. Verpflich\u00adtungen zur Entfer\u00adnung oder Sper\u00adrung der Nutzung von Infor\u00adma\u00adtionen nach den allge\u00admeinen Gesetzen bleiben hiervon unbe\u00adr\u00fchrt. Eine dies\u00adbe\u00adz\u00fcg\u00adliche Haftung ist jedoch erst ab dem Zeit\u00adpunkt der Kenntnis einer konkreten Rechts\u00adver\u00adlet\u00adzung m\u00f6glich. Bei Bekannt\u00adwerden von entspre\u00adchenden Rechts\u00adver\u00adlet\u00adzungen werden wir diese Inhalte umge\u00adhend entfernen.<\/p><p><strong>Haftung f\u00fcr&nbsp;Links<\/strong><\/p><p>Unser Angebot enth\u00e4lt Links zu externen Webseiten Dritter, auf deren Inhalte wir keinen Einfluss haben. Deshalb k\u00f6nnen wir f\u00fcr diese fremden Inhalte auch keine Gew\u00e4hr \u00fcber\u00adnehmen. F\u00fcr die Inhalte der verlinkten Seiten ist stets der jewei\u00adlige Anbieter oder Betreiber der Seiten verant\u00adwort\u00adlich. Die verlinkten Seiten wurden zum Zeit\u00adpunkt der Verlin\u00adkung auf m\u00f6gliche Rechts\u00adver\u00adst\u00f6\u00dfe \u00fcber\u00adpr\u00fcft. Rechts\u00adwid\u00adrige Inhalte waren zum Zeit\u00adpunkt der Verlin\u00adkung nicht erkennbar. Eine perma\u00adnente inhalt\u00adliche Kontrolle der verlinkten Seiten ist jedoch ohne konkrete Anhalts\u00adpunkte einer Rechts\u00adver\u00adlet\u00adzung nicht zumutbar. Bei Bekannt\u00adwerden von Rechts\u00adver\u00adlet\u00adzungen werden wir derar\u00adtige Links umge\u00adhend entfernen.<\/p><p><strong>Urhe\u00adber\u00adrecht<\/strong><\/p><p>Die durch die Seiten\u00adbe\u00adtreiber erstellten Inhalte und Werke auf diesen Seiten unter\u00adliegen dem deut\u00adschen Urhe\u00adber\u00adrecht. Die Verviel\u00adf\u00e4l\u00adti\u00adgung, Bear\u00adbei\u00adtung, Verbrei\u00adtung und jede Art der Verwer\u00adtung au\u00dfer\u00adhalb der Grenzen des Urhe\u00adber\u00adrechtes bed\u00fcrfen der schrift\u00adli\u00adchen Zustim\u00admung des jewei\u00adligen Autors bzw. Erstel\u00adlers. Down\u00adloads und Kopien dieser Seite sind nur f\u00fcr den privaten, nicht kommer\u00adzi\u00adellen Gebrauch gestattet. Soweit die Inhalte auf dieser Seite nicht vom Betreiber erstellt wurden, werden die Urhe\u00adber\u00adrechte Dritter beachtet. Insbe\u00adson\u00addere werden Inhalte Dritter als solche gekenn\u00adzeichnet. Sollten Sie trotzdem auf eine Urhe\u00adber\u00adrechts\u00adver\u00adlet\u00adzung aufmerksam werden, bitten wir um einen entspre\u00adchenden Hinweis. Bei Bekannt\u00adwerden von Rechts\u00adver\u00adlet\u00adzungen werden wir derar\u00adtige Inhalte umge\u00adhend entfernen.<\/p><p><strong>Daten\u00adschutz<\/strong><\/p><p>Die Nutzung unserer Webseite ist in der Regel ohne Angabe perso\u00adnen\u00adbe\u00adzo\u00adgener Daten m\u00f6glich. Soweit auf unseren Seiten perso\u00adnen\u00adbe\u00adzo\u00adgene Daten (beispiels\u00adweise Name, Anschrift oder eMail-Adressen) erhoben werden, erfolgt dies, soweit m\u00f6glich, stets auf frei\u00adwil\u00adliger Basis. Diese Daten werden ohne Ihre ausdr\u00fcck\u00adliche Zustim\u00admung nicht an Dritte weiter\u00adge\u00adgeben.<br>Wir weisen darauf hin, dass die Daten\u00ad\u00fcber\u00adtra\u00adgung im Internet (z.B. bei der Kommu\u00adni\u00adka\u00adtion per E\u2011Mail) Sicher\u00adheits\u00adl\u00fc\u00adcken aufweisen kann. Ein l\u00fccken\u00adloser Schutz der Daten vor dem Zugriff durch Dritte ist nicht m\u00f6glich.<br>Der Nutzung von im Rahmen der Impres\u00adsums\u00adpflicht ver\u00f6f\u00adfent\u00adlichten Kontakt\u00addaten durch Dritte zur \u00dcber\u00adsen\u00addung von nicht ausdr\u00fcck\u00adlich ange\u00adfor\u00adderter Werbung und Infor\u00adma\u00adti\u00adons\u00adma\u00adte\u00adria\u00adlien wird hiermit ausdr\u00fcck\u00adlich wider\u00adspro\u00adchen. Die Betreiber der Seiten behalten sich ausdr\u00fcck\u00adlich recht\u00adliche Schritte im Falle der unver\u00adlangten Zusen\u00addung von Werbe\u00adinfor\u00adma\u00adtionen, etwa durch Spam-Mails, vor.<\/p><p><strong>Google Analy\u00adtics<\/strong><\/p><p>Diese Website benutzt Google Analy\u00adtics, einen Webana\u00adly\u00adse\u00addienst der Google Inc. (\u201cGoogle\u201c). Google Analy\u00adtics verwendet sog. \u201cCookies\u201c, Text\u00adda\u00adteien, die auf Ihrem Computer gespei\u00adchert werden und die eine Analyse der Benut\u00adzung der Website durch Sie erm\u00f6g\u00adlicht. Die durch den Cookie erzeugten Infor\u00adma\u00adtionen \u00fcber Ihre Benut\u00adzung dieser Website (einschlie\u00df\u00adlich Ihrer IP-Adresse) wird an einen Server von Google in den USA \u00fcber\u00adtragen und dort gespei\u00adchert. Google wird diese Infor\u00adma\u00adtionen benutzen, um Ihre Nutzung der Website auszu\u00adwerten, um Reports \u00fcber die Website\u00adak\u00adti\u00advi\u00adt\u00e4ten f\u00fcr die Website\u00adbe\u00adtreiber zusam\u00admen\u00adzu\u00adstellen und um weitere mit der Website\u00adnut\u00adzung und der Inter\u00adnet\u00adnut\u00adzung verbun\u00addene Dienst\u00adleis\u00adtungen zu erbringen. Auch wird Google diese Infor\u00adma\u00adtionen gege\u00adbe\u00adnen\u00adfalls an Dritte \u00fcber\u00adtragen, sofern dies gesetz\u00adlich vorge\u00adschrieben oder soweit Dritte diese Daten im Auftrag von Google verar\u00adbeiten. Google wird in keinem Fall Ihre IP-Adresse mit anderen Daten der Google in Verbin\u00addung bringen. Sie k\u00f6nnen die Instal\u00adla\u00adtion der Cookies durch eine entspre\u00adchende Einstel\u00adlung Ihrer Browser Soft\u00adware verhin\u00addern; wir weisen Sie jedoch darauf hin, dass Sie in diesem Fall gege\u00adbe\u00adnen\u00adfalls nicht s\u00e4mt\u00adliche Funk\u00adtionen dieser Website voll umf\u00e4ng\u00adlich nutzen k\u00f6nnen. Durch die Nutzung dieser Website erkl\u00e4ren Sie sich mit der Bear\u00adbei\u00adtung der \u00fcber Sie erho\u00adbenen Daten durch Google in der zuvor beschrie\u00adbenen Art und Weise und zu dem zuvor benannten Zweck einverstanden.<\/p><p><strong>Google AdSense<\/strong><\/p><p>Diese Website benutzt Google Adsense, einen Weban\u00adzei\u00adgen\u00addienst der Google Inc., USA (\u201cGoogle\u201c). Google Adsense verwendet sog. \u201cCookies\u201c (Text\u00adda\u00adteien), die auf Ihrem Computer gespei\u00adchert werden und die eine Analyse der Benut\u00adzung der Website durch Sie erm\u00f6g\u00adlicht. Google Adsense verwendet auch sog. \u201cWeb Beacons\u201c (kleine unsicht\u00adbare Grafiken) zur Samm\u00adlung von Infor\u00adma\u00adtionen. Durch die Verwen\u00addung des Web Beacons k\u00f6nnen einfache Aktionen wie der Besu\u00adcher\u00adver\u00adkehr auf der Webseite aufge\u00adzeichnet und gesam\u00admelt werden. Die durch den Cookie und\/oder Web Beacon erzeugten Infor\u00adma\u00adtionen \u00fcber Ihre Benut\u00adzung dieser Website (einschlie\u00df\u00adlich Ihrer IP-Adresse) werden an einen Server von Google in den USA \u00fcber\u00adtragen und dort gespei\u00adchert. Google wird diese Infor\u00adma\u00adtionen benutzen, um Ihre Nutzung der Website im Hinblick auf die Anzeigen auszu\u00adwerten, um Reports \u00fcber die Website\u00adak\u00adti\u00advi\u00adt\u00e4ten und Anzeigen f\u00fcr die Website\u00adbe\u00adtreiber zusam\u00admen\u00adzu\u00adstellen und um weitere mit der Website\u00adnut\u00adzung und der Inter\u00adnet\u00adnut\u00adzung verbun\u00addene Dienst\u00adleis\u00adtungen zu erbringen. Auch wird Google diese Infor\u00adma\u00adtionen gege\u00adbe\u00adnen\u00adfalls an Dritte \u00fcber\u00adtragen, sofern dies gesetz\u00adlich vorge\u00adschrieben oder soweit Dritte diese Daten im Auftrag von Google verar\u00adbeiten. Google wird in keinem Fall Ihre IP-Adresse mit anderen Daten der Google in Verbin\u00addung bringen. Das Spei\u00adchern von Cookies auf Ihrer Fest\u00adplatte und die Anzeige von Web Beacons k\u00f6nnen Sie verhin\u00addern, indem Sie in Ihren Browser-Einstel\u00adlungen \u201ckeine Cookies akzep\u00adtieren\u201c w\u00e4hlen (Im MS Internet-Explorer unter \u201cExtras &gt; Inter\u00adnet\u00adop\u00adtionen &gt; Daten\u00adschutz &gt; Einstel\u00adlung\u201c; im Firefox unter \u201cExtras &gt; Einstel\u00adlungen &gt; Daten\u00adschutz &gt; Cookies\u201c); wir weisen Sie jedoch darauf hin, dass Sie in diesem Fall gege\u00adbe\u00adnen\u00adfalls nicht s\u00e4mt\u00adliche Funk\u00adtionen dieser Website voll umf\u00e4ng\u00adlich nutzen k\u00f6nnen. Durch die Nutzung dieser Website erkl\u00e4ren Sie sich mit der Bear\u00adbei\u00adtung der \u00fcber Sie erho\u00adbenen Daten durch Google in der zuvor beschrie\u00adbenen Art und Weise und zu dem zuvor benannten Zweck einverstanden.<\/p><div id=\"link\">Erstellt mit dem&nbsp;<a href=\"https:\/\/impressum-generator.de\/\" rel=\"dofollow\">Impressum-Gene\u00adrator<\/a>&nbsp;von WebsiteWissen.com, dem Ratgeber f\u00fcr&nbsp;<a href=\"https:\/\/websitewissen.com\/website-erstellen\" rel=\"dofollow\">Website-Erstel\u00adlung<\/a>,&nbsp;<a href=\"https:\/\/websitewissen.com\/homepage-baukasten-vergleich\" rel=\"dofollow\">Home\u00adpage-Bauk\u00e4sten<\/a>&nbsp;und&nbsp;<a href=\"https:\/\/websitewissen.com\/shopsysteme-vergleich\" rel=\"dofollow\">Shop\u00adsys\u00adteme<\/a>. Rechts\u00adtext von der&nbsp;<a href=\"https:\/\/www.kanzlei-hasselbach.de\/\" rel=\"dofollow\">Kanzlei Hassel\u00adbach<\/a>.<\/div>\t\t\t\t\t\t\t\t<\/div>\n\t\t\t\t<\/div>\n\t\t\t\t\t<\/div>\n\t\t\t\t<\/div>\n\t\t<div class=\"elementor-element elementor-element-26e159f e-flex e-con-boxed e-con e-parent\" data-id=\"26e159f\" data-element_type=\"container\" data-e-type=\"container\">\n\t\t\t\t\t<div class=\"e-con-inner\">\n\t\t\t\t<div class=\"elementor-element elementor-element-1e342f6 elementor-widget elementor-widget-text-editor\" data-id=\"1e342f6\" data-element_type=\"widget\" data-e-type=\"widget\" data-widget_type=\"text-editor.default\">\n\t\t\t\t<div class=\"elementor-widget-container\">\n\t\t\t\t\t\t\t\t\t<p><strong>Daten\u00adschutz\u00ader\u00adkl\u00e4\u00adrung<\/strong><\/p><p><a href=\"https:\/\/simonschoenhoff.de\/en\/privacy-policy\/\">Die Daten\u00adschutz\u00ader\u00adkl\u00e4\u00adrung (Privacy Policy) findet ihr&nbsp;hier.<\/a><\/p>\t\t\t\t\t\t\t\t<\/div>\n\t\t\t\t<\/div>\n\t\t\t\t\t<\/div>\n\t\t\t\t<\/div>\n\t\t\t\t<\/div>","protected":false},"excerpt":{"rendered":"<p>Angaben gem\u00e4\u00df \u00a7 5 DDG Simon Sch\u00f6nhoff PhotographyAlte Berg 2469254 Malsch Vertreten durch:Simon Sch\u00f6nhoff Kontakt:Telefon: +49 (152) 55 912 813E-Mail:\u00a0simon@simonschoenhoff.de Umsatzsteuer-ID:Umsatzsteuer-Identifikationsnummer gem\u00e4\u00df \u00a727a Umsatzsteuergesetz: Ist beantragt. Wirtschafts-ID:DE406779528 Aufsichtsbeh\u00f6rde:Heidelberg Verantwortlich f\u00fcr den Inhalt nach \u00a7 18 Abs. 2 MStV:Simon Sch\u00f6nhoff Haftungsausschluss: Haftung f\u00fcr Inhalte Die Inhalte unserer Seiten wurden mit gr\u00f6\u00dfter Sorgfalt erstellt. F\u00fcr die Richtigkeit, [&hellip;]<\/p>\n","protected":false},"author":1,"featured_media":0,"parent":0,"menu_order":0,"comment_status":"closed","ping_status":"closed","template":"","meta":{"wp_typography_post_enhancements_disabled":false,"footnotes":""},"class_list":["post-14650","page","type-page","status-publish","hentry"],"_links":{"self":[{"href":"https:\/\/simonschoenhoff.de\/en\/wp-json\/wp\/v2\/pages\/14650","targetHints":{"allow":["GET"]}}],"collection":[{"href":"https:\/\/simonschoenhoff.de\/en\/wp-json\/wp\/v2\/pages"}],"about":[{"href":"https:\/\/simonschoenhoff.de\/en\/wp-json\/wp\/v2\/types\/page"}],"author":[{"embeddable":true,"href":"https:\/\/simonschoenhoff.de\/en\/wp-json\/wp\/v2\/users\/1"}],"replies":[{"embeddable":true,"href":"https:\/\/simonschoenhoff.de\/en\/wp-json\/wp\/v2\/comments?post=14650"}],"version-history":[{"count":16,"href":"https:\/\/simonschoenhoff.de\/en\/wp-json\/wp\/v2\/pages\/14650\/revisions"}],"predecessor-version":[{"id":16273,"href":"https:\/\/simonschoenhoff.de\/en\/wp-json\/wp\/v2\/pages\/14650\/revisions\/16273"}],"wp:attachment":[{"href":"https:\/\/simonschoenhoff.de\/en\/wp-json\/wp\/v2\/media?parent=14650"}],"curies":[{"name":"wp","href":"https:\/\/api.w.org\/{rel}","templated":true}]}}